{"id":1046,"date":"2022-08-23T14:39:59","date_gmt":"2022-08-23T14:39:59","guid":{"rendered":"https:\/\/las-amapolas.com\/datenschutz-2"},"modified":"2024-06-04T20:56:11","modified_gmt":"2024-06-04T18:56:11","slug":"proteccion-de-datos","status":"publish","type":"page","link":"https:\/\/las-amapolas.com\/es\/proteccion-de-datos","title":{"rendered":"Protecci\u00f3n de Datos"},"content":{"rendered":"<p><strong>Qui\u00e9nes somos<\/strong><\/p>\n<p>La direcci\u00f3n de nuestra p\u00e1gina web es: https:\/\/las-amapolas.com.<\/p>\n<p><strong>Comentarios<\/strong><\/p>\n<p>Cuando los visitantes publican comentarios en el sitio web, recopilamos los datos que aparecen en el formulario de comentarios, la direcci\u00f3n IP del visitante y la cadena de agente de usuario (que identifica el navegador) para ayudar a detectar el spam.<\/p>\n<p>Se puede crear una cadena de caracteres anonimizada (tambi\u00e9n conocida como hash) a partir de su direcci\u00f3n de correo electr\u00f3nico y enviarla al servicio Gravatar para comprobar si la est\u00e1 utilizando. Puede encontrar la pol\u00edtica de privacidad del servicio Gravatar aqu\u00ed: https:\/\/automattic.com\/privacy\/. Una vez aprobado su comentario, su foto de perfil ser\u00e1 visible p\u00fablicamente en el contexto de su comentario.<\/p>\n<p><strong>Medios de comunicaci\u00f3n<\/strong><\/p>\n<p>Si es un usuario registrado y sube fotos a este sitio web, debe evitar subir fotos con una ubicaci\u00f3n GPS EXIF. Los visitantes de este sitio web podr\u00edan descargar las fotos almacenadas en este sitio web y extraer su informaci\u00f3n de localizaci\u00f3n.<\/p>\n<p><strong>Cookies<\/strong><\/p>\n<p>Si escribe un comentario en nuestro sitio web, esto puede constituir un consentimiento para almacenar su nombre, direcci\u00f3n de correo electr\u00f3nico y sitio web en cookies. Se trata de una funci\u00f3n de comodidad para que no tenga que volver a introducir todos estos datos cuando escriba otro comentario. Estas cookies se almacenan durante un a\u00f1o.<\/p>\n<p>Si tiene una cuenta e inicia sesi\u00f3n en este sitio web, instalaremos una cookie temporal para determinar si su navegador acepta cookies. Esta cookie no contiene ning\u00fan dato personal y se desecha cuando usted cierra su navegador.<\/p>\n<p>Cuando inicie sesi\u00f3n, instalaremos algunas cookies para guardar su informaci\u00f3n de inicio de sesi\u00f3n y las opciones de visualizaci\u00f3n. Las cookies de inicio de sesi\u00f3n caducan a los dos d\u00edas y las cookies para las opciones de visualizaci\u00f3n al a\u00f1o. Si selecciona &quot;Permanecer conectado&quot; al iniciar la sesi\u00f3n, \u00e9sta se mantendr\u00e1 durante quince d\u00edas. Cuando salga de su cuenta, se borrar\u00e1n las cookies de inicio de sesi\u00f3n.<\/p>\n<p>Si edita o publica un art\u00edculo, se almacenar\u00e1 una cookie adicional en su navegador. Esta cookie no contiene ning\u00fan dato personal y s\u00f3lo hace referencia al ID de publicaci\u00f3n del art\u00edculo que acaba de editar. La cookie caduca al cabo de un d\u00eda.<\/p>\n<p><strong>Contenido incrustado de otros sitios web<\/strong><\/p>\n<p>Los posts de este sitio web pueden contener contenido incrustado (por ejemplo, v\u00eddeos, im\u00e1genes, art\u00edculos, etc.). El contenido incrustado de otros sitios web se comporta exactamente como si el visitante hubiera visitado el otro sitio web.<\/p>\n<p>Estos sitios web pueden recopilar datos sobre usted, utilizar cookies, incrustar servicios adicionales de seguimiento de terceros y registrar su interacci\u00f3n con este contenido incrustado, incluida su interacci\u00f3n con el contenido incrustado si tiene una cuenta y ha iniciado sesi\u00f3n en ese sitio web.<\/p>\n<p><strong>Cu\u00e1nto tiempo almacenamos sus datos<\/strong><\/p>\n<p>Si env\u00eda una consulta, \u00e9sta se almacenar\u00e1 indefinidamente, incluidos los metadatos. <\/p>\n<p><strong>Qu\u00e9 derechos tiene sobre sus datos<\/strong><\/p>\n<p>Si tiene una cuenta en este sitio web o ha escrito comentarios, puede solicitarnos la exportaci\u00f3n de sus datos personales, incluidos todos los datos que nos haya facilitado. Adem\u00e1s, puede solicitar la eliminaci\u00f3n de todos los datos personales que hayamos almacenado sobre usted. Esto no incluye los datos que estamos obligados a conservar por motivos administrativos, legales o de seguridad.<\/p>\n<p><strong>D\u00f3nde se env\u00edan sus datos<\/strong><\/p>\n<p>Las solicitudes de los visitantes pueden ser analizadas por un servicio automatizado de detecci\u00f3n de spam.<\/p>\n","protected":false},"excerpt":{"rendered":"<p>Qui\u00e9nes somos La direcci\u00f3n de nuestra p\u00e1gina web es: https:\/\/las-amapolas.com. Comentarios Cuando los visitantes publican comentarios en el sitio web, recopilamos los datos que aparecen en el formulario de comentarios, [&hellip;]<\/p>\n","protected":false},"author":1,"featured_media":0,"parent":0,"menu_order":0,"comment_status":"closed","ping_status":"closed","template":"","meta":{"_acf_changed":false,"footnotes":""},"class_list":["post-1046","page","type-page","status-publish","hentry"],"acf":[],"yoast_head":"<!-- This site is optimized with the Yoast SEO plugin v27.5 - https:\/\/yoast.com\/product\/yoast-seo-wordpress\/ -->\n<title>Protecci\u00f3n de Datos - Ferienhaus Las Amapolas in Andalusien<\/title>\n<meta name=\"robots\" content=\"index, follow, max-snippet:-1, max-image-preview:large, max-video-preview:-1\" \/>\n<link rel=\"canonical\" href=\"https:\/\/las-amapolas.com\/es\/proteccion-de-datos\" \/>\n<meta property=\"og:locale\" content=\"es_ES\" \/>\n<meta property=\"og:type\" content=\"article\" \/>\n<meta property=\"og:title\" content=\"Protecci\u00f3n de Datos - Ferienhaus Las Amapolas in Andalusien\" \/>\n<meta property=\"og:description\" content=\"Qui\u00e9nes somos La direcci\u00f3n de nuestra p\u00e1gina web es: https:\/\/las-amapolas.com. Comentarios Cuando los visitantes publican comentarios en el sitio web, recopilamos los datos que aparecen en el formulario de comentarios, [&hellip;]\" \/>\n<meta property=\"og:url\" content=\"https:\/\/las-amapolas.com\/es\/proteccion-de-datos\" \/>\n<meta property=\"og:site_name\" content=\"Ferienhaus Las Amapolas in Andalusien\" \/>\n<meta property=\"article:modified_time\" content=\"2024-06-04T18:56:11+00:00\" \/>\n<meta name=\"twitter:card\" content=\"summary_large_image\" \/>\n<meta name=\"twitter:label1\" content=\"Tiempo de lectura\" \/>\n\t<meta name=\"twitter:data1\" content=\"3 minutos\" \/>\n<script type=\"application\/ld+json\" class=\"yoast-schema-graph\">{\"@context\":\"https:\\\/\\\/schema.org\",\"@graph\":[{\"@type\":\"WebPage\",\"@id\":\"https:\\\/\\\/las-amapolas.com\\\/es\\\/proteccion-de-datos\",\"url\":\"https:\\\/\\\/las-amapolas.com\\\/es\\\/proteccion-de-datos\",\"name\":\"Protecci\u00f3n de Datos - Ferienhaus Las Amapolas in Andalusien\",\"isPartOf\":{\"@id\":\"https:\\\/\\\/las-amapolas.com\\\/#website\"},\"datePublished\":\"2022-08-23T14:39:59+00:00\",\"dateModified\":\"2024-06-04T18:56:11+00:00\",\"breadcrumb\":{\"@id\":\"https:\\\/\\\/las-amapolas.com\\\/es\\\/proteccion-de-datos#breadcrumb\"},\"inLanguage\":\"es\",\"potentialAction\":[{\"@type\":\"ReadAction\",\"target\":[\"https:\\\/\\\/las-amapolas.com\\\/es\\\/proteccion-de-datos\"]}]},{\"@type\":\"BreadcrumbList\",\"@id\":\"https:\\\/\\\/las-amapolas.com\\\/es\\\/proteccion-de-datos#breadcrumb\",\"itemListElement\":[{\"@type\":\"ListItem\",\"position\":1,\"name\":\"Home\",\"item\":\"https:\\\/\\\/las-amapolas.com\\\/es\"},{\"@type\":\"ListItem\",\"position\":2,\"name\":\"Protecci\u00f3n de Datos\"}]},{\"@type\":\"WebSite\",\"@id\":\"https:\\\/\\\/las-amapolas.com\\\/#website\",\"url\":\"https:\\\/\\\/las-amapolas.com\\\/\",\"name\":\"Ferienhaus Las Amapolas in Andalusien\",\"description\":\"Conil de la Frontera\",\"potentialAction\":[{\"@type\":\"SearchAction\",\"target\":{\"@type\":\"EntryPoint\",\"urlTemplate\":\"https:\\\/\\\/las-amapolas.com\\\/?s={search_term_string}\"},\"query-input\":{\"@type\":\"PropertyValueSpecification\",\"valueRequired\":true,\"valueName\":\"search_term_string\"}}],\"inLanguage\":\"es\"}]}<\/script>\n<!-- \/ Yoast SEO plugin. -->","yoast_head_json":{"title":"Protecci\u00f3n de Datos - Ferienhaus Las Amapolas in Andalusien","robots":{"index":"index","follow":"follow","max-snippet":"max-snippet:-1","max-image-preview":"max-image-preview:large","max-video-preview":"max-video-preview:-1"},"canonical":"https:\/\/las-amapolas.com\/es\/proteccion-de-datos","og_locale":"es_ES","og_type":"article","og_title":"Protecci\u00f3n de Datos - Ferienhaus Las Amapolas in Andalusien","og_description":"Qui\u00e9nes somos La direcci\u00f3n de nuestra p\u00e1gina web es: https:\/\/las-amapolas.com. Comentarios Cuando los visitantes publican comentarios en el sitio web, recopilamos los datos que aparecen en el formulario de comentarios, [&hellip;]","og_url":"https:\/\/las-amapolas.com\/es\/proteccion-de-datos","og_site_name":"Ferienhaus Las Amapolas in Andalusien","article_modified_time":"2024-06-04T18:56:11+00:00","twitter_card":"summary_large_image","twitter_misc":{"Tiempo de lectura":"3 minutos"},"schema":{"@context":"https:\/\/schema.org","@graph":[{"@type":"WebPage","@id":"https:\/\/las-amapolas.com\/es\/proteccion-de-datos","url":"https:\/\/las-amapolas.com\/es\/proteccion-de-datos","name":"Protecci\u00f3n de Datos - Ferienhaus Las Amapolas in Andalusien","isPartOf":{"@id":"https:\/\/las-amapolas.com\/#website"},"datePublished":"2022-08-23T14:39:59+00:00","dateModified":"2024-06-04T18:56:11+00:00","breadcrumb":{"@id":"https:\/\/las-amapolas.com\/es\/proteccion-de-datos#breadcrumb"},"inLanguage":"es","potentialAction":[{"@type":"ReadAction","target":["https:\/\/las-amapolas.com\/es\/proteccion-de-datos"]}]},{"@type":"BreadcrumbList","@id":"https:\/\/las-amapolas.com\/es\/proteccion-de-datos#breadcrumb","itemListElement":[{"@type":"ListItem","position":1,"name":"Home","item":"https:\/\/las-amapolas.com\/es"},{"@type":"ListItem","position":2,"name":"Protecci\u00f3n de Datos"}]},{"@type":"WebSite","@id":"https:\/\/las-amapolas.com\/#website","url":"https:\/\/las-amapolas.com\/","name":"Ferienhaus Las Amapolas in Andalusien","description":"Conil de la Frontera","potentialAction":[{"@type":"SearchAction","target":{"@type":"EntryPoint","urlTemplate":"https:\/\/las-amapolas.com\/?s={search_term_string}"},"query-input":{"@type":"PropertyValueSpecification","valueRequired":true,"valueName":"search_term_string"}}],"inLanguage":"es"}]}},"_links":{"self":[{"href":"https:\/\/las-amapolas.com\/es\/wp-json\/wp\/v2\/pages\/1046","targetHints":{"allow":["GET"]}}],"collection":[{"href":"https:\/\/las-amapolas.com\/es\/wp-json\/wp\/v2\/pages"}],"about":[{"href":"https:\/\/las-amapolas.com\/es\/wp-json\/wp\/v2\/types\/page"}],"author":[{"embeddable":true,"href":"https:\/\/las-amapolas.com\/es\/wp-json\/wp\/v2\/users\/1"}],"replies":[{"embeddable":true,"href":"https:\/\/las-amapolas.com\/es\/wp-json\/wp\/v2\/comments?post=1046"}],"version-history":[{"count":2,"href":"https:\/\/las-amapolas.com\/es\/wp-json\/wp\/v2\/pages\/1046\/revisions"}],"predecessor-version":[{"id":1083,"href":"https:\/\/las-amapolas.com\/es\/wp-json\/wp\/v2\/pages\/1046\/revisions\/1083"}],"wp:attachment":[{"href":"https:\/\/las-amapolas.com\/es\/wp-json\/wp\/v2\/media?parent=1046"}],"curies":[{"name":"wp","href":"https:\/\/api.w.org\/{rel}","templated":true}]}}