{"id":1043,"date":"2022-01-31T11:07:03","date_gmt":"2022-01-31T11:07:03","guid":{"rendered":"https:\/\/las-amapolas.com\/impressum"},"modified":"2024-06-04T20:40:55","modified_gmt":"2024-06-04T18:40:55","slug":"imprint","status":"publish","type":"page","link":"https:\/\/las-amapolas.com\/en\/imprint","title":{"rendered":"Imprint"},"content":{"rendered":"<h1>Imprint<\/h1>\n<h2>Information according to \u00a7 5 TMG<\/h2>\n<p>Christoph Esser<br \/>\nSchlo\u00df-Dyck-Stra\u00dfe 156<br \/>\n41238 M\u00f6nchengladbach<\/p>\n<h2>Contact: <\/h2>\n<p>Phone: \u202d+49 172 5136964\u202c<br \/>\nE-Mail: christoph.esser@gmx.info<\/p>\n<h2>EU dispute resolution<\/h2>\n<p>The European Commission provides a platform for online dispute resolution (OS): https:\/\/ec.europa.eu\/consumers\/odr\/.<\/a>.<br \/>\nYou can find our email address in the legal notice above.<\/p>\n<h2>Consumer dispute resolution\/universal arbitration centre<\/h2>\n<p>We are not willing or obliged to participate in dispute resolution proceedings before a consumer arbitration board.<\/p>\n<p>Source: <a href=\"https:\/\/www.e-recht24.de\">e-recht24.de<\/a><\/p>\n","protected":false},"excerpt":{"rendered":"<p>Imprint Information according to \u00a7 5 TMG Christoph Esser Schlo\u00df-Dyck-Stra\u00dfe 156 41238 M\u00f6nchengladbach Contact: Phone: \u202d+49 172 5136964\u202c E-Mail: christoph.esser@gmx.info EU dispute resolution The European Commission provides a platform for [&hellip;]<\/p>\n","protected":false},"author":1,"featured_media":0,"parent":0,"menu_order":0,"comment_status":"closed","ping_status":"closed","template":"","meta":{"_acf_changed":false,"footnotes":""},"class_list":["post-1043","page","type-page","status-publish","hentry"],"acf":[],"yoast_head":"<!-- This site is optimized with the Yoast SEO plugin v27.5 - https:\/\/yoast.com\/product\/yoast-seo-wordpress\/ -->\n<title>Imprint - Ferienhaus Las Amapolas in Andalusien<\/title>\n<meta name=\"robots\" content=\"index, follow, max-snippet:-1, max-image-preview:large, max-video-preview:-1\" \/>\n<link rel=\"canonical\" href=\"https:\/\/las-amapolas.com\/en\/imprint\" \/>\n<meta property=\"og:locale\" content=\"en_US\" \/>\n<meta property=\"og:type\" content=\"article\" \/>\n<meta property=\"og:title\" content=\"Imprint - Ferienhaus Las Amapolas in Andalusien\" \/>\n<meta property=\"og:description\" content=\"Imprint Information according to \u00a7 5 TMG Christoph Esser Schlo\u00df-Dyck-Stra\u00dfe 156 41238 M\u00f6nchengladbach Contact: Phone: \u202d+49 172 5136964\u202c E-Mail: christoph.esser@gmx.info EU dispute resolution The European Commission provides a platform for [&hellip;]\" \/>\n<meta property=\"og:url\" content=\"https:\/\/las-amapolas.com\/en\/imprint\" \/>\n<meta property=\"og:site_name\" content=\"Ferienhaus Las Amapolas in Andalusien\" \/>\n<meta property=\"article:modified_time\" content=\"2024-06-04T18:40:55+00:00\" \/>\n<meta name=\"twitter:card\" content=\"summary_large_image\" \/>\n<meta name=\"twitter:label1\" content=\"Est. reading time\" \/>\n\t<meta name=\"twitter:data1\" content=\"1 minute\" \/>\n<script type=\"application\/ld+json\" class=\"yoast-schema-graph\">{\"@context\":\"https:\\\/\\\/schema.org\",\"@graph\":[{\"@type\":\"WebPage\",\"@id\":\"https:\\\/\\\/las-amapolas.com\\\/en\\\/imprint\",\"url\":\"https:\\\/\\\/las-amapolas.com\\\/en\\\/imprint\",\"name\":\"Imprint - Ferienhaus Las Amapolas in Andalusien\",\"isPartOf\":{\"@id\":\"https:\\\/\\\/las-amapolas.com\\\/#website\"},\"datePublished\":\"2022-01-31T11:07:03+00:00\",\"dateModified\":\"2024-06-04T18:40:55+00:00\",\"breadcrumb\":{\"@id\":\"https:\\\/\\\/las-amapolas.com\\\/en\\\/imprint#breadcrumb\"},\"inLanguage\":\"en-US\",\"potentialAction\":[{\"@type\":\"ReadAction\",\"target\":[\"https:\\\/\\\/las-amapolas.com\\\/en\\\/imprint\"]}]},{\"@type\":\"BreadcrumbList\",\"@id\":\"https:\\\/\\\/las-amapolas.com\\\/en\\\/imprint#breadcrumb\",\"itemListElement\":[{\"@type\":\"ListItem\",\"position\":1,\"name\":\"Home\",\"item\":\"https:\\\/\\\/las-amapolas.com\\\/en\"},{\"@type\":\"ListItem\",\"position\":2,\"name\":\"Imprint\"}]},{\"@type\":\"WebSite\",\"@id\":\"https:\\\/\\\/las-amapolas.com\\\/#website\",\"url\":\"https:\\\/\\\/las-amapolas.com\\\/\",\"name\":\"Ferienhaus Las Amapolas in Andalusien\",\"description\":\"Conil de la Frontera\",\"potentialAction\":[{\"@type\":\"SearchAction\",\"target\":{\"@type\":\"EntryPoint\",\"urlTemplate\":\"https:\\\/\\\/las-amapolas.com\\\/?s={search_term_string}\"},\"query-input\":{\"@type\":\"PropertyValueSpecification\",\"valueRequired\":true,\"valueName\":\"search_term_string\"}}],\"inLanguage\":\"en-US\"}]}<\/script>\n<!-- \/ Yoast SEO plugin. -->","yoast_head_json":{"title":"Imprint - Ferienhaus Las Amapolas in Andalusien","robots":{"index":"index","follow":"follow","max-snippet":"max-snippet:-1","max-image-preview":"max-image-preview:large","max-video-preview":"max-video-preview:-1"},"canonical":"https:\/\/las-amapolas.com\/en\/imprint","og_locale":"en_US","og_type":"article","og_title":"Imprint - Ferienhaus Las Amapolas in Andalusien","og_description":"Imprint Information according to \u00a7 5 TMG Christoph Esser Schlo\u00df-Dyck-Stra\u00dfe 156 41238 M\u00f6nchengladbach Contact: Phone: \u202d+49 172 5136964\u202c E-Mail: christoph.esser@gmx.info EU dispute resolution The European Commission provides a platform for [&hellip;]","og_url":"https:\/\/las-amapolas.com\/en\/imprint","og_site_name":"Ferienhaus Las Amapolas in Andalusien","article_modified_time":"2024-06-04T18:40:55+00:00","twitter_card":"summary_large_image","twitter_misc":{"Est. reading time":"1 minute"},"schema":{"@context":"https:\/\/schema.org","@graph":[{"@type":"WebPage","@id":"https:\/\/las-amapolas.com\/en\/imprint","url":"https:\/\/las-amapolas.com\/en\/imprint","name":"Imprint - Ferienhaus Las Amapolas in Andalusien","isPartOf":{"@id":"https:\/\/las-amapolas.com\/#website"},"datePublished":"2022-01-31T11:07:03+00:00","dateModified":"2024-06-04T18:40:55+00:00","breadcrumb":{"@id":"https:\/\/las-amapolas.com\/en\/imprint#breadcrumb"},"inLanguage":"en-US","potentialAction":[{"@type":"ReadAction","target":["https:\/\/las-amapolas.com\/en\/imprint"]}]},{"@type":"BreadcrumbList","@id":"https:\/\/las-amapolas.com\/en\/imprint#breadcrumb","itemListElement":[{"@type":"ListItem","position":1,"name":"Home","item":"https:\/\/las-amapolas.com\/en"},{"@type":"ListItem","position":2,"name":"Imprint"}]},{"@type":"WebSite","@id":"https:\/\/las-amapolas.com\/#website","url":"https:\/\/las-amapolas.com\/","name":"Ferienhaus Las Amapolas in Andalusien","description":"Conil de la Frontera","potentialAction":[{"@type":"SearchAction","target":{"@type":"EntryPoint","urlTemplate":"https:\/\/las-amapolas.com\/?s={search_term_string}"},"query-input":{"@type":"PropertyValueSpecification","valueRequired":true,"valueName":"search_term_string"}}],"inLanguage":"en-US"}]}},"_links":{"self":[{"href":"https:\/\/las-amapolas.com\/en\/wp-json\/wp\/v2\/pages\/1043","targetHints":{"allow":["GET"]}}],"collection":[{"href":"https:\/\/las-amapolas.com\/en\/wp-json\/wp\/v2\/pages"}],"about":[{"href":"https:\/\/las-amapolas.com\/en\/wp-json\/wp\/v2\/types\/page"}],"author":[{"embeddable":true,"href":"https:\/\/las-amapolas.com\/en\/wp-json\/wp\/v2\/users\/1"}],"replies":[{"embeddable":true,"href":"https:\/\/las-amapolas.com\/en\/wp-json\/wp\/v2\/comments?post=1043"}],"version-history":[{"count":2,"href":"https:\/\/las-amapolas.com\/en\/wp-json\/wp\/v2\/pages\/1043\/revisions"}],"predecessor-version":[{"id":1066,"href":"https:\/\/las-amapolas.com\/en\/wp-json\/wp\/v2\/pages\/1043\/revisions\/1066"}],"wp:attachment":[{"href":"https:\/\/las-amapolas.com\/en\/wp-json\/wp\/v2\/media?parent=1043"}],"curies":[{"name":"wp","href":"https:\/\/api.w.org\/{rel}","templated":true}]}}